{"id":1608,"date":"2025-01-10T16:36:05","date_gmt":"2025-01-10T21:36:05","guid":{"rendered":"https:\/\/geoparaguaysa.com\/web\/?post_type=product&#038;p=1608"},"modified":"2025-01-10T16:42:09","modified_gmt":"2025-01-10T21:42:09","slug":"estacion-leica-ts01","status":"publish","type":"product","link":"https:\/\/geoparaguaysa.com\/web\/product\/estacion-leica-ts01\/","title":{"rendered":"Estaci\u00f3n Total Leica Ts01 5&#8243;R500"},"content":{"rendered":"<p>La estaci\u00f3n total <strong><em>TS01 5&#8243;<\/em> R500<\/strong> \u00a0le permite realizar tareas de medici\u00f3n con facilidad y simplicidad. La TS01 es una estaci\u00f3n total manual de nivel b\u00e1sico, creada para ayudarle a dominar proyectos de topograf\u00eda, dise\u00f1o y cartograf\u00eda. Demostrar\u00e1 su val\u00eda en el campo y se convertir\u00e1 inmediatamente en un miembro valioso de su equipo.<\/p>\n","protected":false},"excerpt":{"rendered":"<p>Disfrute de los beneficios de un alcance sin prisma de 500 m y un alcance con prisma de 3000 m, siempre combinados con precisi\u00f3n y velocidad de medici\u00f3n, lo que\u00a0aumenta su productividad. Con sensores integrados como un compensador electr\u00f3nico de doble eje, una plomada l\u00e1ser, software de campo integrado y teclas cortas para acceder r\u00e1pidamente al men\u00fa, tendr\u00e1 una configuraci\u00f3n r\u00e1pida del instrumento y mediciones r\u00e1pidas.Con la estaci\u00f3n total Leica TS01 obtienes\u00a0un paquete todo incluido,\u00a0ya que viene con accesorios de Leica Geosystems, como una bater\u00eda de larga duraci\u00f3n, un cargador y una base nivelante, probados para cumplir de forma fiable los requisitos, cuando cada detalle cuenta.<\/p>\n","protected":false},"featured_media":1609,"comment_status":"open","ping_status":"closed","template":"","meta":[],"product_cat":[28],"product_tag":[],"class_list":["post-1608","product","type-product","status-publish","has-post-thumbnail","hentry","product_cat-estaciones"],"yoast_head":"<!-- This site is optimized with the Yoast SEO plugin v19.0 - https:\/\/yoast.com\/wordpress\/plugins\/seo\/ -->\n<title>Estaci\u00f3n Total Leica Ts01 5&quot;R500 - Geo Paraguay<\/title>\n<meta name=\"robots\" content=\"noindex, follow, max-snippet:-1, max-image-preview:large, max-video-preview:-1\" \/>\n<meta property=\"og:locale\" content=\"es_ES\" \/>\n<meta property=\"og:type\" content=\"article\" \/>\n<meta property=\"og:title\" content=\"Estaci\u00f3n Total Leica Ts01 5&quot;R500 - Geo Paraguay\" \/>\n<meta property=\"og:description\" content=\"Disfrute de los beneficios de un alcance sin prisma de 500 m y un alcance con prisma de 3000 m, siempre combinados con precisi\u00f3n y velocidad de medici\u00f3n, lo que\u00a0aumenta su productividad. Con sensores integrados como un compensador electr\u00f3nico de doble eje, una plomada l\u00e1ser, software de campo integrado y teclas cortas para acceder r\u00e1pidamente al men\u00fa, tendr\u00e1 una configuraci\u00f3n r\u00e1pida del instrumento y mediciones r\u00e1pidas.Con la estaci\u00f3n total Leica TS01 obtienes\u00a0un paquete todo incluido,\u00a0ya que viene con accesorios de Leica Geosystems, como una bater\u00eda de larga duraci\u00f3n, un cargador y una base nivelante, probados para cumplir de forma fiable los requisitos, cuando cada detalle cuenta.\" \/>\n<meta property=\"og:url\" content=\"https:\/\/geoparaguaysa.com\/web\/product\/estacion-leica-ts01\/\" \/>\n<meta property=\"og:site_name\" content=\"Geo Paraguay\" \/>\n<meta property=\"article:modified_time\" content=\"2025-01-10T21:42:09+00:00\" \/>\n<meta property=\"og:image\" content=\"https:\/\/geoparaguaysa.com\/web\/wp-content\/uploads\/2025\/01\/TS01-LEICA.png\" \/>\n\t<meta property=\"og:image:width\" content=\"400\" \/>\n\t<meta property=\"og:image:height\" content=\"400\" \/>\n\t<meta property=\"og:image:type\" content=\"image\/png\" \/>\n<meta name=\"twitter:card\" content=\"summary_large_image\" \/>\n<meta name=\"twitter:label1\" content=\"Tiempo de lectura\" \/>\n\t<meta name=\"twitter:data1\" content=\"1 minuto\" \/>\n<script type=\"application\/ld+json\" class=\"yoast-schema-graph\">{\"@context\":\"https:\/\/schema.org\",\"@graph\":[{\"@type\":\"WebSite\",\"@id\":\"https:\/\/geoparaguaysa.com\/web\/#website\",\"url\":\"https:\/\/geoparaguaysa.com\/web\/\",\"name\":\"Geo Paraguay\",\"description\":\"Instrumentos y Servicios de Ingenier\u00eda\",\"potentialAction\":[{\"@type\":\"SearchAction\",\"target\":{\"@type\":\"EntryPoint\",\"urlTemplate\":\"https:\/\/geoparaguaysa.com\/web\/?s={search_term_string}\"},\"query-input\":\"required name=search_term_string\"}],\"inLanguage\":\"es\"},{\"@type\":\"ImageObject\",\"inLanguage\":\"es\",\"@id\":\"https:\/\/geoparaguaysa.com\/web\/product\/estacion-leica-ts01\/#primaryimage\",\"url\":\"https:\/\/geoparaguaysa.com\/web\/wp-content\/uploads\/2025\/01\/TS01-LEICA.png\",\"contentUrl\":\"https:\/\/geoparaguaysa.com\/web\/wp-content\/uploads\/2025\/01\/TS01-LEICA.png\",\"width\":400,\"height\":400},{\"@type\":\"WebPage\",\"@id\":\"https:\/\/geoparaguaysa.com\/web\/product\/estacion-leica-ts01\/#webpage\",\"url\":\"https:\/\/geoparaguaysa.com\/web\/product\/estacion-leica-ts01\/\",\"name\":\"Estaci\u00f3n Total Leica Ts01 5\\\"R500 - Geo Paraguay\",\"isPartOf\":{\"@id\":\"https:\/\/geoparaguaysa.com\/web\/#website\"},\"primaryImageOfPage\":{\"@id\":\"https:\/\/geoparaguaysa.com\/web\/product\/estacion-leica-ts01\/#primaryimage\"},\"datePublished\":\"2025-01-10T21:36:05+00:00\",\"dateModified\":\"2025-01-10T21:42:09+00:00\",\"breadcrumb\":{\"@id\":\"https:\/\/geoparaguaysa.com\/web\/product\/estacion-leica-ts01\/#breadcrumb\"},\"inLanguage\":\"es\",\"potentialAction\":[{\"@type\":\"ReadAction\",\"target\":[\"https:\/\/geoparaguaysa.com\/web\/product\/estacion-leica-ts01\/\"]}]},{\"@type\":\"BreadcrumbList\",\"@id\":\"https:\/\/geoparaguaysa.com\/web\/product\/estacion-leica-ts01\/#breadcrumb\",\"itemListElement\":[{\"@type\":\"ListItem\",\"position\":1,\"name\":\"Portada\",\"item\":\"https:\/\/geoparaguaysa.com\/web\/\"},{\"@type\":\"ListItem\",\"position\":2,\"name\":\"Productos\",\"item\":\"https:\/\/geoparaguaysa.com\/web\/productos\/\"},{\"@type\":\"ListItem\",\"position\":3,\"name\":\"Estaci\u00f3n Total Leica Ts01 5&#8243;R500\"}]}]}<\/script>\n<!-- \/ Yoast SEO plugin. -->","yoast_head_json":{"title":"Estaci\u00f3n Total Leica Ts01 5\"R500 - Geo Paraguay","robots":{"index":"noindex","follow":"follow","max-snippet":"max-snippet:-1","max-image-preview":"max-image-preview:large","max-video-preview":"max-video-preview:-1"},"og_locale":"es_ES","og_type":"article","og_title":"Estaci\u00f3n Total Leica Ts01 5\"R500 - Geo Paraguay","og_description":"Disfrute de los beneficios de un alcance sin prisma de 500 m y un alcance con prisma de 3000 m, siempre combinados con precisi\u00f3n y velocidad de medici\u00f3n, lo que\u00a0aumenta su productividad. Con sensores integrados como un compensador electr\u00f3nico de doble eje, una plomada l\u00e1ser, software de campo integrado y teclas cortas para acceder r\u00e1pidamente al men\u00fa, tendr\u00e1 una configuraci\u00f3n r\u00e1pida del instrumento y mediciones r\u00e1pidas.Con la estaci\u00f3n total Leica TS01 obtienes\u00a0un paquete todo incluido,\u00a0ya que viene con accesorios de Leica Geosystems, como una bater\u00eda de larga duraci\u00f3n, un cargador y una base nivelante, probados para cumplir de forma fiable los requisitos, cuando cada detalle cuenta.","og_url":"https:\/\/geoparaguaysa.com\/web\/product\/estacion-leica-ts01\/","og_site_name":"Geo Paraguay","article_modified_time":"2025-01-10T21:42:09+00:00","og_image":[{"width":400,"height":400,"url":"https:\/\/geoparaguaysa.com\/web\/wp-content\/uploads\/2025\/01\/TS01-LEICA.png","type":"image\/png"}],"twitter_card":"summary_large_image","twitter_misc":{"Tiempo de lectura":"1 minuto"},"schema":{"@context":"https:\/\/schema.org","@graph":[{"@type":"WebSite","@id":"https:\/\/geoparaguaysa.com\/web\/#website","url":"https:\/\/geoparaguaysa.com\/web\/","name":"Geo Paraguay","description":"Instrumentos y Servicios de Ingenier\u00eda","potentialAction":[{"@type":"SearchAction","target":{"@type":"EntryPoint","urlTemplate":"https:\/\/geoparaguaysa.com\/web\/?s={search_term_string}"},"query-input":"required name=search_term_string"}],"inLanguage":"es"},{"@type":"ImageObject","inLanguage":"es","@id":"https:\/\/geoparaguaysa.com\/web\/product\/estacion-leica-ts01\/#primaryimage","url":"https:\/\/geoparaguaysa.com\/web\/wp-content\/uploads\/2025\/01\/TS01-LEICA.png","contentUrl":"https:\/\/geoparaguaysa.com\/web\/wp-content\/uploads\/2025\/01\/TS01-LEICA.png","width":400,"height":400},{"@type":"WebPage","@id":"https:\/\/geoparaguaysa.com\/web\/product\/estacion-leica-ts01\/#webpage","url":"https:\/\/geoparaguaysa.com\/web\/product\/estacion-leica-ts01\/","name":"Estaci\u00f3n Total Leica Ts01 5\"R500 - Geo Paraguay","isPartOf":{"@id":"https:\/\/geoparaguaysa.com\/web\/#website"},"primaryImageOfPage":{"@id":"https:\/\/geoparaguaysa.com\/web\/product\/estacion-leica-ts01\/#primaryimage"},"datePublished":"2025-01-10T21:36:05+00:00","dateModified":"2025-01-10T21:42:09+00:00","breadcrumb":{"@id":"https:\/\/geoparaguaysa.com\/web\/product\/estacion-leica-ts01\/#breadcrumb"},"inLanguage":"es","potentialAction":[{"@type":"ReadAction","target":["https:\/\/geoparaguaysa.com\/web\/product\/estacion-leica-ts01\/"]}]},{"@type":"BreadcrumbList","@id":"https:\/\/geoparaguaysa.com\/web\/product\/estacion-leica-ts01\/#breadcrumb","itemListElement":[{"@type":"ListItem","position":1,"name":"Portada","item":"https:\/\/geoparaguaysa.com\/web\/"},{"@type":"ListItem","position":2,"name":"Productos","item":"https:\/\/geoparaguaysa.com\/web\/productos\/"},{"@type":"ListItem","position":3,"name":"Estaci\u00f3n Total Leica Ts01 5&#8243;R500"}]}]}},"_links":{"self":[{"href":"https:\/\/geoparaguaysa.com\/web\/wp-json\/wp\/v2\/product\/1608","targetHints":{"allow":["GET"]}}],"collection":[{"href":"https:\/\/geoparaguaysa.com\/web\/wp-json\/wp\/v2\/product"}],"about":[{"href":"https:\/\/geoparaguaysa.com\/web\/wp-json\/wp\/v2\/types\/product"}],"replies":[{"embeddable":true,"href":"https:\/\/geoparaguaysa.com\/web\/wp-json\/wp\/v2\/comments?post=1608"}],"wp:featuredmedia":[{"embeddable":true,"href":"https:\/\/geoparaguaysa.com\/web\/wp-json\/wp\/v2\/media\/1609"}],"wp:attachment":[{"href":"https:\/\/geoparaguaysa.com\/web\/wp-json\/wp\/v2\/media?parent=1608"}],"wp:term":[{"taxonomy":"product_cat","embeddable":true,"href":"https:\/\/geoparaguaysa.com\/web\/wp-json\/wp\/v2\/product_cat?post=1608"},{"taxonomy":"product_tag","embeddable":true,"href":"https:\/\/geoparaguaysa.com\/web\/wp-json\/wp\/v2\/product_tag?post=1608"}],"curies":[{"name":"wp","href":"https:\/\/api.w.org\/{rel}","templated":true}]}}